{"id":2427,"date":"2022-12-27T20:06:34","date_gmt":"2022-12-27T20:06:34","guid":{"rendered":"https:\/\/prosysco.biz\/contacto-con-nosotros\/"},"modified":"2023-01-09T19:45:03","modified_gmt":"2023-01-09T19:45:03","slug":"contacto-con-nosotros","status":"publish","type":"page","link":"https:\/\/prosysco.biz\/es\/contacto-con-nosotros\/","title":{"rendered":"Contacto con nosotros"},"content":{"rendered":"\t\t<div data-elementor-type=\"wp-page\" data-elementor-id=\"2427\" class=\"elementor elementor-2427 elementor-1979\" data-elementor-post-type=\"page\">\n\t\t\t\t\t\t<section class=\"elementor-section elementor-top-section elementor-element elementor-element-2292b0eb elementor-section-content-middle elementor-section-boxed elementor-section-height-default elementor-section-height-default\" data-id=\"2292b0eb\" data-element_type=\"section\" data-e-type=\"section\">\n\t\t\t\t\t\t<div class=\"elementor-container elementor-column-gap-no\">\n\t\t\t\t\t<div class=\"elementor-column elementor-col-100 elementor-top-column elementor-element elementor-element-393e5ea8\" data-id=\"393e5ea8\" data-element_type=\"column\" data-e-type=\"column\">\n\t\t\t<div class=\"elementor-widget-wrap elementor-element-populated\">\n\t\t\t\t\t\t<div class=\"elementor-element elementor-element-fd64727 elementor-widget elementor-widget-heading\" data-id=\"fd64727\" data-element_type=\"widget\" data-e-type=\"widget\" data-widget_type=\"heading.default\">\n\t\t\t\t<div class=\"elementor-widget-container\">\n\t\t\t\t\t<h4 class=\"elementor-heading-title elementor-size-default\">cont\u00e1ctanos<\/h4>\t\t\t\t<\/div>\n\t\t\t\t<\/div>\n\t\t\t\t<div class=\"elementor-element elementor-element-48fd6354 elementor-button-align-end elementor-mobile-button-align-center elementor-widget elementor-widget-form\" data-id=\"48fd6354\" data-element_type=\"widget\" data-e-type=\"widget\" data-settings=\"{&quot;step_next_label&quot;:&quot;M\\u00e1s informaci\\u00f3n en&quot;,&quot;step_previous_label&quot;:&quot;Anterior&quot;,&quot;button_width&quot;:&quot;100&quot;,&quot;step_type&quot;:&quot;number_text&quot;,&quot;step_icon_shape&quot;:&quot;circle&quot;}\" data-widget_type=\"form.default\">\n\t\t\t\t<div class=\"elementor-widget-container\">\n\t\t\t\t\t\t\t<form class=\"elementor-form\" method=\"post\" name=\"Nueva forma\" aria-label=\"Nueva forma\">\n\t\t\t<input type=\"hidden\" name=\"post_id\" value=\"2427\"\/>\n\t\t\t<input type=\"hidden\" name=\"form_id\" value=\"48fd6354\"\/>\n\t\t\t<input type=\"hidden\" name=\"referer_title\" value=\"Contacto con nosotros - ProSysCo\" \/>\n\n\t\t\t\t\t\t\t<input type=\"hidden\" name=\"queried_id\" value=\"2427\"\/>\n\t\t\t\n\t\t\t<div class=\"elementor-form-fields-wrapper elementor-labels-above\">\n\t\t\t\t\t\t\t\t<div class=\"elementor-field-type-text elementor-field-group elementor-column elementor-field-group-name elementor-col-50\">\n\t\t\t\t\t\t\t\t\t\t\t\t<label for=\"form-field-name\" class=\"elementor-field-label\">\n\t\t\t\t\t\t\t\tNOMBRE\t\t\t\t\t\t\t<\/label>\n\t\t\t\t\t\t\t\t\t\t\t\t\t\t<input size=\"1\" type=\"text\" name=\"form_fields[name]\" id=\"form-field-name\" class=\"elementor-field elementor-size-sm  elementor-field-textual\" placeholder=\"Nombre de usuario\">\n\t\t\t\t\t\t\t\t\t\t\t<\/div>\n\t\t\t\t\t\t\t\t<div class=\"elementor-field-type-email elementor-field-group elementor-column elementor-field-group-email elementor-col-50 elementor-field-required\">\n\t\t\t\t\t\t\t\t\t\t\t\t<label for=\"form-field-email\" class=\"elementor-field-label\">\n\t\t\t\t\t\t\t\tE-MAIL\t\t\t\t\t\t\t<\/label>\n\t\t\t\t\t\t\t\t\t\t\t\t\t\t<input size=\"1\" type=\"email\" name=\"form_fields[email]\" id=\"form-field-email\" class=\"elementor-field elementor-size-sm  elementor-field-textual\" placeholder=\"Su correo electr\u00f3nico\" required=\"required\">\n\t\t\t\t\t\t\t\t\t\t\t<\/div>\n\t\t\t\t\t\t\t\t<div class=\"elementor-field-type-select elementor-field-group elementor-column elementor-field-group-b9cd3c3 elementor-col-25 elementor-field-required\">\n\t\t\t\t\t\t\t\t\t\t\t\t<label for=\"form-field-b9cd3c3\" class=\"elementor-field-label\">\n\t\t\t\t\t\t\t\tSERVICIO\t\t\t\t\t\t\t<\/label>\n\t\t\t\t\t\t\t\t<div class=\"elementor-field elementor-select-wrapper remove-before \">\n\t\t\t<div class=\"select-caret-down-wrapper\">\n\t\t\t\t<i aria-hidden=\"true\" class=\"eicon-caret-down\"><\/i>\t\t\t<\/div>\n\t\t\t<select name=\"form_fields[b9cd3c3]\" id=\"form-field-b9cd3c3\" class=\"elementor-field-textual elementor-size-sm\" required=\"required\">\n\t\t\t\t\t\t\t\t\t<option value=\"Dise\u00f1o de marca\">Dise\u00f1o de marca<\/option>\n\t\t\t\t\t\t\t\t\t<option value=\"Web\">Web<\/option>\n\t\t\t\t\t\t\t\t\t<option value=\"Ciberseguridad\">Ciberseguridad<\/option>\n\t\t\t\t\t\t\t<\/select>\n\t\t<\/div>\n\t\t\t\t\t\t<\/div>\n\t\t\t\t\t\t\t\t<div class=\"elementor-field-type-text elementor-field-group elementor-column elementor-field-group-5fc6f08 elementor-col-50 elementor-field-required\">\n\t\t\t\t\t\t\t\t\t\t\t\t<label for=\"form-field-5fc6f08\" class=\"elementor-field-label\">\n\t\t\t\t\t\t\t\tSU TEL\u00c9FONO\t\t\t\t\t\t\t<\/label>\n\t\t\t\t\t\t\t\t\t\t\t\t\t\t<input size=\"1\" type=\"text\" name=\"form_fields[5fc6f08]\" id=\"form-field-5fc6f08\" class=\"elementor-field elementor-size-sm  elementor-field-textual\" placeholder=\"+ 972 53 900 90 90\" required=\"required\">\n\t\t\t\t\t\t\t\t\t\t\t<\/div>\n\t\t\t\t\t\t\t\t<div class=\"elementor-field-type-textarea elementor-field-group elementor-column elementor-field-group-6ed25c0 elementor-col-100\">\n\t\t\t\t\t\t\t\t\t\t\t\t<label for=\"form-field-6ed25c0\" class=\"elementor-field-label\">\n\t\t\t\t\t\t\t\tNOTICIAS\t\t\t\t\t\t\t<\/label>\n\t\t\t\t\t\t<textarea class=\"elementor-field-textual elementor-field  elementor-size-sm\" name=\"form_fields[6ed25c0]\" id=\"form-field-6ed25c0\" rows=\"4\" placeholder=\"Su texto\"><\/textarea>\t\t\t\t<\/div>\n\t\t\t\t\t\t\t\t<div class=\"elementor-field-group elementor-column elementor-field-type-submit elementor-col-100 e-form__buttons\">\n\t\t\t\t\t<button class=\"elementor-button elementor-size-md\" type=\"submit\">\n\t\t\t\t\t\t<span class=\"elementor-button-content-wrapper\">\n\t\t\t\t\t\t\t\t\t\t\t\t\t\t\t\t\t\t\t\t\t\t<span class=\"elementor-button-text\">Solicite su prueba gratuita<\/span>\n\t\t\t\t\t\t\t\t\t\t\t\t\t<\/span>\n\t\t\t\t\t<\/button>\n\t\t\t\t<\/div>\n\t\t\t<\/div>\n\t\t<\/form>\n\t\t\t\t\t\t<\/div>\n\t\t\t\t<\/div>\n\t\t\t\t\t<\/div>\n\t\t<\/div>\n\t\t\t\t\t<\/div>\n\t\t<\/section>\n\t\t\t\t<\/div>\n\t\t","protected":false},"excerpt":{"rendered":"<p>cont\u00e1ctanos<\/p>\n","protected":false},"author":1,"featured_media":0,"parent":0,"menu_order":0,"comment_status":"closed","ping_status":"closed","template":"elementor_header_footer","meta":{"footnotes":""},"class_list":["post-2427","page","type-page","status-publish","hentry"],"yoast_head":"<!-- This site is optimized with the Yoast SEO plugin v27.1.1 - https:\/\/yoast.com\/product\/yoast-seo-wordpress\/ -->\n<title>Contacto con nosotros - ProSysCo<\/title>\n<meta name=\"description\" content=\"contactar con ProSysCo Consultor\u00eda inform\u00e1tica tel\u00e9fono\" \/>\n<meta name=\"robots\" content=\"index, follow, max-snippet:-1, max-image-preview:large, max-video-preview:-1\" \/>\n<link rel=\"canonical\" href=\"https:\/\/prosysco.biz\/es\/contacto-con-nosotros\/\" \/>\n<meta property=\"og:locale\" content=\"es_ES\" \/>\n<meta property=\"og:type\" content=\"article\" \/>\n<meta property=\"og:title\" content=\"Contacto con nosotros - ProSysCo\" \/>\n<meta property=\"og:description\" content=\"contactar con ProSysCo Consultor\u00eda inform\u00e1tica tel\u00e9fono\" \/>\n<meta property=\"og:url\" content=\"https:\/\/prosysco.biz\/es\/contacto-con-nosotros\/\" \/>\n<meta property=\"og:site_name\" content=\"ProSysCo\" \/>\n<meta property=\"article:modified_time\" content=\"2023-01-09T19:45:03+00:00\" \/>\n<meta name=\"twitter:card\" content=\"summary_large_image\" \/>\n<meta name=\"twitter:label1\" content=\"Tiempo de lectura\" \/>\n\t<meta name=\"twitter:data1\" content=\"1 minuto\" \/>\n<script type=\"application\/ld+json\" class=\"yoast-schema-graph\">{\"@context\":\"https:\/\/schema.org\",\"@graph\":[{\"@type\":\"WebPage\",\"@id\":\"https:\/\/prosysco.biz\/es\/contacto-con-nosotros\/\",\"url\":\"https:\/\/prosysco.biz\/es\/contacto-con-nosotros\/\",\"name\":\"Contacto con nosotros - ProSysCo\",\"isPartOf\":{\"@id\":\"https:\/\/prosysco.biz\/#website\"},\"datePublished\":\"2022-12-27T20:06:34+00:00\",\"dateModified\":\"2023-01-09T19:45:03+00:00\",\"description\":\"contactar con ProSysCo Consultor\u00eda inform\u00e1tica tel\u00e9fono\",\"breadcrumb\":{\"@id\":\"https:\/\/prosysco.biz\/es\/contacto-con-nosotros\/#breadcrumb\"},\"inLanguage\":\"es\",\"potentialAction\":[{\"@type\":\"ReadAction\",\"target\":[\"https:\/\/prosysco.biz\/es\/contacto-con-nosotros\/\"]}]},{\"@type\":\"BreadcrumbList\",\"@id\":\"https:\/\/prosysco.biz\/es\/contacto-con-nosotros\/#breadcrumb\",\"itemListElement\":[{\"@type\":\"ListItem\",\"position\":1,\"name\":\"Home\",\"item\":\"https:\/\/prosysco.biz\/\"},{\"@type\":\"ListItem\",\"position\":2,\"name\":\"Contacto con nosotros\"}]},{\"@type\":\"WebSite\",\"@id\":\"https:\/\/prosysco.biz\/#website\",\"url\":\"https:\/\/prosysco.biz\/\",\"name\":\"ProSysCo Cyerb-Security\",\"description\":\"Cyber-Security - Yachts - Marinas\",\"publisher\":{\"@id\":\"https:\/\/prosysco.biz\/#organization\"},\"potentialAction\":[{\"@type\":\"SearchAction\",\"target\":{\"@type\":\"EntryPoint\",\"urlTemplate\":\"https:\/\/prosysco.biz\/?s={search_term_string}\"},\"query-input\":{\"@type\":\"PropertyValueSpecification\",\"valueRequired\":true,\"valueName\":\"search_term_string\"}}],\"inLanguage\":\"es\"},{\"@type\":\"Organization\",\"@id\":\"https:\/\/prosysco.biz\/#organization\",\"name\":\"ProSysCo\",\"url\":\"https:\/\/prosysco.biz\/\",\"logo\":{\"@type\":\"ImageObject\",\"inLanguage\":\"es\",\"@id\":\"https:\/\/prosysco.biz\/#\/schema\/logo\/image\/\",\"url\":\"https:\/\/prosysco.biz\/wp-content\/uploads\/2016\/08\/logo.png\",\"contentUrl\":\"https:\/\/prosysco.biz\/wp-content\/uploads\/2016\/08\/logo.png\",\"width\":225,\"height\":62,\"caption\":\"ProSysCo\"},\"image\":{\"@id\":\"https:\/\/prosysco.biz\/#\/schema\/logo\/image\/\"}}]}<\/script>\n<!-- \/ Yoast SEO plugin. -->","yoast_head_json":{"title":"Contacto con nosotros - ProSysCo","description":"contactar con ProSysCo Consultor\u00eda inform\u00e1tica tel\u00e9fono","robots":{"index":"index","follow":"follow","max-snippet":"max-snippet:-1","max-image-preview":"max-image-preview:large","max-video-preview":"max-video-preview:-1"},"canonical":"https:\/\/prosysco.biz\/es\/contacto-con-nosotros\/","og_locale":"es_ES","og_type":"article","og_title":"Contacto con nosotros - ProSysCo","og_description":"contactar con ProSysCo Consultor\u00eda inform\u00e1tica tel\u00e9fono","og_url":"https:\/\/prosysco.biz\/es\/contacto-con-nosotros\/","og_site_name":"ProSysCo","article_modified_time":"2023-01-09T19:45:03+00:00","twitter_card":"summary_large_image","twitter_misc":{"Tiempo de lectura":"1 minuto"},"schema":{"@context":"https:\/\/schema.org","@graph":[{"@type":"WebPage","@id":"https:\/\/prosysco.biz\/es\/contacto-con-nosotros\/","url":"https:\/\/prosysco.biz\/es\/contacto-con-nosotros\/","name":"Contacto con nosotros - ProSysCo","isPartOf":{"@id":"https:\/\/prosysco.biz\/#website"},"datePublished":"2022-12-27T20:06:34+00:00","dateModified":"2023-01-09T19:45:03+00:00","description":"contactar con ProSysCo Consultor\u00eda inform\u00e1tica tel\u00e9fono","breadcrumb":{"@id":"https:\/\/prosysco.biz\/es\/contacto-con-nosotros\/#breadcrumb"},"inLanguage":"es","potentialAction":[{"@type":"ReadAction","target":["https:\/\/prosysco.biz\/es\/contacto-con-nosotros\/"]}]},{"@type":"BreadcrumbList","@id":"https:\/\/prosysco.biz\/es\/contacto-con-nosotros\/#breadcrumb","itemListElement":[{"@type":"ListItem","position":1,"name":"Home","item":"https:\/\/prosysco.biz\/"},{"@type":"ListItem","position":2,"name":"Contacto con nosotros"}]},{"@type":"WebSite","@id":"https:\/\/prosysco.biz\/#website","url":"https:\/\/prosysco.biz\/","name":"ProSysCo Cyerb-Security","description":"Cyber-Security - Yachts - Marinas","publisher":{"@id":"https:\/\/prosysco.biz\/#organization"},"potentialAction":[{"@type":"SearchAction","target":{"@type":"EntryPoint","urlTemplate":"https:\/\/prosysco.biz\/?s={search_term_string}"},"query-input":{"@type":"PropertyValueSpecification","valueRequired":true,"valueName":"search_term_string"}}],"inLanguage":"es"},{"@type":"Organization","@id":"https:\/\/prosysco.biz\/#organization","name":"ProSysCo","url":"https:\/\/prosysco.biz\/","logo":{"@type":"ImageObject","inLanguage":"es","@id":"https:\/\/prosysco.biz\/#\/schema\/logo\/image\/","url":"https:\/\/prosysco.biz\/wp-content\/uploads\/2016\/08\/logo.png","contentUrl":"https:\/\/prosysco.biz\/wp-content\/uploads\/2016\/08\/logo.png","width":225,"height":62,"caption":"ProSysCo"},"image":{"@id":"https:\/\/prosysco.biz\/#\/schema\/logo\/image\/"}}]}},"_links":{"self":[{"href":"https:\/\/prosysco.biz\/es\/wp-json\/wp\/v2\/pages\/2427","targetHints":{"allow":["GET"]}}],"collection":[{"href":"https:\/\/prosysco.biz\/es\/wp-json\/wp\/v2\/pages"}],"about":[{"href":"https:\/\/prosysco.biz\/es\/wp-json\/wp\/v2\/types\/page"}],"author":[{"embeddable":true,"href":"https:\/\/prosysco.biz\/es\/wp-json\/wp\/v2\/users\/1"}],"replies":[{"embeddable":true,"href":"https:\/\/prosysco.biz\/es\/wp-json\/wp\/v2\/comments?post=2427"}],"version-history":[{"count":12,"href":"https:\/\/prosysco.biz\/es\/wp-json\/wp\/v2\/pages\/2427\/revisions"}],"predecessor-version":[{"id":3419,"href":"https:\/\/prosysco.biz\/es\/wp-json\/wp\/v2\/pages\/2427\/revisions\/3419"}],"wp:attachment":[{"href":"https:\/\/prosysco.biz\/es\/wp-json\/wp\/v2\/media?parent=2427"}],"curies":[{"name":"wp","href":"https:\/\/api.w.org\/{rel}","templated":true}]}}